{"id":227,"date":"2023-03-29T09:50:47","date_gmt":"2023-03-29T07:50:47","guid":{"rendered":"https:\/\/frenify.com\/work\/envato\/frenify\/wp\/metaportal\/1\/?page_id=227"},"modified":"2023-03-30T19:38:31","modified_gmt":"2023-03-30T17:38:31","slug":"new-crypto","status":"publish","type":"page","link":"https:\/\/crcnft.co\/fr\/new-crypto\/","title":{"rendered":"Nouveau en Crypto ?"},"content":{"rendered":"<div data-elementor-type=\"wp-page\" data-elementor-id=\"227\" class=\"elementor elementor-227\">\n\t\t\t\t\t\t<section class=\"elementor-section elementor-top-section elementor-element elementor-element-9de45bb elementor-section-full_width elementor-section-height-default elementor-section-height-default\" data-id=\"9de45bb\" data-element_type=\"section\">\n\t\t\t\t\t\t<div class=\"elementor-container elementor-column-gap-default\">\n\t\t\t\t\t<div class=\"elementor-column elementor-col-100 elementor-top-column elementor-element elementor-element-13ed100\" data-id=\"13ed100\" data-element_type=\"column\">\n\t\t\t<div class=\"elementor-widget-wrap elementor-element-populated\">\n\t\t\t\t\t\t<div class=\"elementor-element elementor-element-ec8c182 elementor-widget elementor-widget-heading\" data-id=\"ec8c182\" data-element_type=\"widget\" data-widget_type=\"heading.default\">\n\t\t\t\t<div class=\"elementor-widget-container\">\n\t\t\t<h2 class=\"elementor-heading-title elementor-size-default\">Qu'est-ce que la DeFi et la Crypto ?<\/h2>\t\t<\/div>\n\t\t\t\t<\/div>\n\t\t\t\t<div class=\"elementor-element elementor-element-e9ab2e3 elementor-widget elementor-widget-frel-divider\" data-id=\"e9ab2e3\" data-element_type=\"widget\" data-widget_type=\"frel-divider.default\">\n\t\t\t\t<div class=\"elementor-widget-container\">\n\t\t\t<div class=\"cons_w_wrapper\"><div class=\"fn_cs_divider\" data-align=\"left\"><div class=\"divider\"><\/div><\/div><\/div>\t\t<\/div>\n\t\t\t\t<\/div>\n\t\t\t\t<div class=\"elementor-element elementor-element-be8e05c elementor-widget elementor-widget-text-editor\" data-id=\"be8e05c\" data-element_type=\"widget\" data-widget_type=\"text-editor.default\">\n\t\t\t\t<div class=\"elementor-widget-container\">\n\t\t\t\t\t\t\t<p><span style=\"font-weight: 400;\">la DeFi (finance d\u00e9centralis\u00e9e) est une nouvelle forme de technologie financi\u00e8re qui est construite sur la blockchain (base de donn\u00e9es mondiale transparente et s\u00e9curis\u00e9e par un syst\u00e8me cryptographique) . \nLa Defi permet aux utilisateurs d'acc\u00e9der \u00e0 un large \u00e9ventail de services financiers tels que des pr\u00eats, de l\u2019\u00e9pargne et des investissements, sans avoir \u00e0 d\u00e9pendre d'un tiers centralis\u00e9. On l'appelle aussi \"finance ouverte\" car toute personne ayant acc\u00e8s \u00e0 Internet peut l'utiliser.<\/span><\/p><p>\u00a0<\/p><p><span style=\"font-weight: 400;\">D'autre part, les crypto-monnaies sont de l'argent num\u00e9rique qui n'est pas \u00e9mis par un gouvernement ou une banque centrale. A la place, il est cr\u00e9\u00e9 et g\u00e9r\u00e9 par ses utilisateurs via un r\u00e9seau blockchain d\u00e9centralis\u00e9 et open-source. Le Bitcoin est la crypto-monnaie la plus populaire, mais il existe \u00e9galement des milliers d'autres pi\u00e8ces et jetons.<\/span><\/p><p>\u00a0<\/p><p><span style=\"font-weight: 400;\">Investir dans les crypto-monnaies et la finance d\u00e9centralis\u00e9e implique l'achat et la vente de ces actifs num\u00e9riques dans l'espoir de g\u00e9n\u00e9rer un retour sur investissement. C'est une entreprise \u00e0 haut risque et \u00e0 haut rendement, et cela n\u00e9cessite beaucoup de recherche et d'analyse.<\/span><\/p>\t\t\t\t\t\t<\/div>\n\t\t\t\t<\/div>\n\t\t\t\t<div class=\"elementor-element elementor-element-158e3cd elementor-widget elementor-widget-heading\" data-id=\"158e3cd\" data-element_type=\"widget\" data-widget_type=\"heading.default\">\n\t\t\t\t<div class=\"elementor-widget-container\">\n\t\t\t<h2 class=\"elementor-heading-title elementor-size-default\">Comprendre les cycles du march\u00e9 de la crypto.<\/h2>\t\t<\/div>\n\t\t\t\t<\/div>\n\t\t\t\t<div class=\"elementor-element elementor-element-4fc56cf elementor-widget elementor-widget-frel-divider\" data-id=\"4fc56cf\" data-element_type=\"widget\" data-widget_type=\"frel-divider.default\">\n\t\t\t\t<div class=\"elementor-widget-container\">\n\t\t\t<div class=\"cons_w_wrapper\"><div class=\"fn_cs_divider\" data-align=\"left\"><div class=\"divider\"><\/div><\/div><\/div>\t\t<\/div>\n\t\t\t\t<\/div>\n\t\t\t\t<div class=\"elementor-element elementor-element-9f05611 elementor-widget elementor-widget-text-editor\" data-id=\"9f05611\" data-element_type=\"widget\" data-widget_type=\"text-editor.default\">\n\t\t\t\t<div class=\"elementor-widget-container\">\n\t\t\t\t\t\t\t<p><span style=\"font-weight: 400;\">L'une des premi\u00e8res choses que vous devez comprendre lorsque vous investissez dans les crypto-monnaies est que le march\u00e9 fonctionne par cycles. Historiquement, un cycle de crypto-monnaie dure environ 4 ans, il se compose de deux phases principales, le \"bull run\" et le \"bear market\u201d.<\/span><\/p><p>\u00a0<\/p><p><span style=\"font-weight: 400;\">Un bull run, ou march\u00e9 haussier, est d\u00e9fini comme une p\u00e9riode o\u00f9 la majorit\u00e9 des investisseurs ach\u00e8tent, la demande l'emporte sur l'offre, la confiance du march\u00e9 est \u00e9lev\u00e9e et les prix augmentent.<\/span><\/p><p>\u00a0<\/p><p><span style=\"font-weight: 400;\">Un march\u00e9 baissier est une p\u00e9riode o\u00f9 les prix des crypto-monnaies sont en baisse. Cela se produit lorsqu'il y a une faible demande ou une baisse de la confiance des investisseurs.<\/span><\/p><p>\u00a0<\/p><p><span style=\"font-weight: 400;\">Il est important de comprendre ces cycles pour effectuer les investissements en cons\u00e9quence, afin de maximiser les rendements et minimiser les pertes.<\/span><\/p><p>\u00a0<\/p><p><span style=\"font-weight: 400;\">Le march\u00e9 de la crypto est actuellement \u00e0 la fin de la phase baissi\u00e8re du cycle. Apr\u00e8s des mois de d\u00e9clin continu, le march\u00e9 conna\u00eet une reprise depuis le d\u00e9but de l\u2019ann\u00e9e, avec notamment des gros acteurs qui se repositionnent sur le march\u00e9. Cela indique le d\u00e9marrage probable d'un nouveau bull run.<\/span><\/p>\t\t\t\t\t\t<\/div>\n\t\t\t\t<\/div>\n\t\t\t\t<div class=\"elementor-element elementor-element-a19a826 elementor-widget elementor-widget-heading\" data-id=\"a19a826\" data-element_type=\"widget\" data-widget_type=\"heading.default\">\n\t\t\t\t<div class=\"elementor-widget-container\">\n\t\t\t<h2 class=\"elementor-heading-title elementor-size-default\">L'adoption de la crypto-monnaie<\/h2>\t\t<\/div>\n\t\t\t\t<\/div>\n\t\t\t\t<div class=\"elementor-element elementor-element-39c656b elementor-widget elementor-widget-frel-divider\" data-id=\"39c656b\" data-element_type=\"widget\" data-widget_type=\"frel-divider.default\">\n\t\t\t\t<div class=\"elementor-widget-container\">\n\t\t\t<div class=\"cons_w_wrapper\"><div class=\"fn_cs_divider\" data-align=\"left\"><div class=\"divider\"><\/div><\/div><\/div>\t\t<\/div>\n\t\t\t\t<\/div>\n\t\t\t\t<div class=\"elementor-element elementor-element-1745d43 elementor-widget elementor-widget-text-editor\" data-id=\"1745d43\" data-element_type=\"widget\" data-widget_type=\"text-editor.default\">\n\t\t\t\t<div class=\"elementor-widget-container\">\n\t\t\t\t\t\t\t<p><span style=\"font-weight: 400;\">Le march\u00e9 mondial des crypto-monnaies a connu une croissance consid\u00e9rable ces derni\u00e8res ann\u00e9es. Le march\u00e9 des crypto-monnaies a connu une croissance consid\u00e9rable ces derni\u00e8res ann\u00e9es. La capitalisation boursi\u00e8re totale de toutes les crypto-monnaies est pass\u00e9e d'environ 20 milliards de dollars au d\u00e9but de 2017 \u00e0 plus de 2 billions de dollars en avril 2021. Cependant, cela ne repr\u00e9sente que 2,5 % de la capitalisation boursi\u00e8re mondiale, ce qui d\u00e9montre un grand potentiel de croissance, car de nombreuses institutions (fonds de pension, etc.) attendent que de nouvelles r\u00e9gulations voient le jour avant d'entrer sur le march\u00e9 des crypto-monnaies.<br \/><br \/><\/span><\/p><p><span style=\"font-weight: 400;\">Ceci dit, aujourd'hui, 55 % des 100 plus grandes banques mondiales investissent dans le domaine de la blockchain. Des entreprises telles que Mastercard ont lanc\u00e9 des programmes pour aider les banques \u00e0 proposer l\u2019investissement dans les crypto-monnaies \u00e0 leurs clients. <\/span><span style=\"font-weight: 400;\"><br> La blockchain est la comp\u00e9tence la plus recherch\u00e9e en 2021 selon LinkedIn (+200% d\u2019offres d\u2019emploi par rapport \u00e0 2019)<br \/><br \/><\/span><span style=\"font-weight: 400;\">Depuis 2020, PayPal permet \u00e0 ses utilisateurs am\u00e9ricains d'acheter et de vendre des crypto-monnaies sur leur application. Twitter pr\u00e9voit d'int\u00e9grer tr\u00e8s prochainement des \u00e9changes de crypto-monnaies \u00e0 la plateforme.<br \/><br \/><\/span><span style=\"font-weight: 400;\">Certaines des plus grandes entreprises du monde (Starbucks, Adidas, Coca-Cola, Adobe, Instagram, Disney, etc.) ont r\u00e9cemment conclu un partenariat avec la blockchain Polygon pour cr\u00e9er leur propre projet de crypto-monnaie ou lancer une collection de NFT. Ce ne sont que quelques exemples de ce qui se passe sur une seule cha\u00eene, il y a des dizaines de blockchains.<br \/><br \/><\/span><span style=\"font-weight: 400;\">Pendant des ann\u00e9es, la crypto \u00e9tait un investissement de niche pour les personnes technophiles, mais le taux d'adoption a \u00e9t\u00e9 exponentiel ces derni\u00e8res ann\u00e9es. Maintenant, l'adoption g\u00e9n\u00e9ralis\u00e9e semble \u00eatre juste au coin de la rue.<\/span><\/p><p><span style=\"font-weight: 400;\">\u00a0<\/span><\/p>\t\t\t\t\t\t<\/div>\n\t\t\t\t<\/div>\n\t\t\t\t<div class=\"elementor-element elementor-element-16ef06c elementor-widget elementor-widget-heading\" data-id=\"16ef06c\" data-element_type=\"widget\" data-widget_type=\"heading.default\">\n\t\t\t\t<div class=\"elementor-widget-container\">\n\t\t\t<h2 class=\"elementor-heading-title elementor-size-default\">NFTS<\/h2>\t\t<\/div>\n\t\t\t\t<\/div>\n\t\t\t\t<div class=\"elementor-element elementor-element-3d575bd elementor-widget elementor-widget-frel-divider\" data-id=\"3d575bd\" data-element_type=\"widget\" data-widget_type=\"frel-divider.default\">\n\t\t\t\t<div class=\"elementor-widget-container\">\n\t\t\t<div class=\"cons_w_wrapper\"><div class=\"fn_cs_divider\" data-align=\"left\"><div class=\"divider\"><\/div><\/div><\/div>\t\t<\/div>\n\t\t\t\t<\/div>\n\t\t\t\t<div class=\"elementor-element elementor-element-e563eec elementor-widget elementor-widget-text-editor\" data-id=\"e563eec\" data-element_type=\"widget\" data-widget_type=\"text-editor.default\">\n\t\t\t\t<div class=\"elementor-widget-container\">\n\t\t\t\t\t\t\t<p><span style=\"font-weight: 400;\">Les NFT (jetons non fongibles) sont des actifs num\u00e9riques v\u00e9rifi\u00e9s \u00e0 l'aide de la technologie blockchain. Ce sont des actifs num\u00e9riques uniques con\u00e7us pour repr\u00e9senter la propri\u00e9t\u00e9 d'un contenu ou d'un m\u00e9dia.<br \/><br \/><\/span><span style=\"font-weight: 400;\">Les NFT sont diff\u00e9rents des autres fichiers num\u00e9riques car ils ont une identit\u00e9 unique stock\u00e9e sur une blockchain. La blockchain est un registre num\u00e9rique d\u00e9centralis\u00e9 qui enregistre la propri\u00e9t\u00e9 et l'historique des transactions des NFT. Cela rend possible l'achat, la vente et l'\u00e9change des NFT, tout comme pour les actifs physiques.<br \/><br \/>Les futures utilisations des NFT sont encore incertaines, mais certaines utilisations potentielles comprennent :<br \/><br \/><\/span><\/p><ol><li style=\"font-weight: 400;\" aria-level=\"1\"><span style=\"font-weight: 400;\">Les objets de collection num\u00e9riques : Les NFT peuvent \u00eatre utilis\u00e9s pour cr\u00e9er des objets num\u00e9riques uniques et de collection, tels que des cartes \u00e0 \u00e9changer, des animaux virtuels et d'autres types d'objets de jeu.<\/span><\/li><li style=\"font-weight: 400;\" aria-level=\"1\"><span style=\"font-weight: 400;\">Les redevances et les licences : Les NFT peuvent \u00eatre utilis\u00e9s pour g\u00e9rer les redevances et les licences pour le contenu num\u00e9rique, permettant aux artistes et aux cr\u00e9ateurs de g\u00e9n\u00e9rer des revenus \u00e0 partir de leur travail m\u00eame apr\u00e8s sa vente.<\/span><\/li><li style=\"font-weight: 400;\" aria-level=\"1\"><span style=\"font-weight: 400;\">La v\u00e9rification d'identit\u00e9 : Les NFT peuvent \u00eatre utilis\u00e9s pour la v\u00e9rification d'identit\u00e9, l'authentification et les signatures num\u00e9riques, car ils fournissent un moyen s\u00e9curis\u00e9 et inviolable de v\u00e9rifier la propri\u00e9t\u00e9 et l'authenticit\u00e9 des actifs num\u00e9riques.<\/span><\/li><li style=\"font-weight: 400;\" aria-level=\"1\"><span style=\"font-weight: 400;\">Les droits immobiliers et fonciers : Les NFT peuvent \u00eatre utilis\u00e9s pour repr\u00e9senter la propri\u00e9t\u00e9 et le transfert de biens immobiliers et d'autres types de droits de propri\u00e9t\u00e9, fournissant un moyen s\u00e9curis\u00e9 et transparent de g\u00e9rer les transactions.<\/span><\/li><li style=\"font-weight: 400;\" aria-level=\"1\"><span style=\"font-weight: 400;\">Les \u00e9v\u00e9nements et exp\u00e9riences virtuelles : Les NFT peuvent \u00eatre utilis\u00e9s pour cr\u00e9er un acc\u00e8s unique et exclusif \u00e0 des \u00e9v\u00e9nements et des exp\u00e9riences virtuelles, tels que des concerts, des festivals et d'autres types de rassemblements en ligne.<\/span><\/li><li style=\"font-weight: 400;\" aria-level=\"1\"><span style=\"font-weight: 400;\">Les jeux et les comp\u00e9titions \u00e9lectroniques : Les NFT peuvent \u00eatre utilis\u00e9s pour cr\u00e9er des objets de jeu rares et pr\u00e9cieux et des actifs virtuels, ainsi que pour g\u00e9rer les transactions et la propri\u00e9t\u00e9 dans les industries des jeux-vid\u00e9os et de l\u2019e-sport, deux industries en pleine croissance.<\/span><\/li><\/ol><p><span style=\"font-weight: 400;\">Pour r\u00e9sumer, les applications potentielles des NFT sont diverses et vari\u00e9es, et leur utilisation est susceptible de continuer \u00e0 se d\u00e9velopper \u00e0 mesure que la technologie \u00e9volue et m\u00fbrit.<\/span><\/p>\t\t\t\t\t\t<\/div>\n\t\t\t\t<\/div>\n\t\t\t\t<div class=\"elementor-element elementor-element-a0bbfb5 elementor-widget elementor-widget-frel-divider\" data-id=\"a0bbfb5\" data-element_type=\"widget\" data-widget_type=\"frel-divider.default\">\n\t\t\t\t<div class=\"elementor-widget-container\">\n\t\t\t<div class=\"cons_w_wrapper\"><div class=\"fn_cs_divider\" data-align=\"left\"><div class=\"divider\"><\/div><\/div><\/div>\t\t<\/div>\n\t\t\t\t<\/div>\n\t\t\t\t\t<\/div>\n\t\t<\/div>\n\t\t\t\t\t<\/div>\n\t\t<\/section>\n\t\t\t\t<\/div>","protected":false},"excerpt":{"rendered":"<p>What is DeFi and Crypto Investing? DeFi (decentralized finance) is a new form of financial technology built on the blockchain. It enables users to access a wide range of financial services such as loans, savings, and investments, without having to rely on a centralized third party. It is often referred to as \u201copen finance\u201d because [&hellip;]<\/p>","protected":false},"author":1,"featured_media":0,"parent":0,"menu_order":0,"comment_status":"closed","ping_status":"closed","template":"","meta":{"om_disable_all_campaigns":false,"_monsterinsights_skip_tracking":false,"_monsterinsights_sitenote_active":false,"_monsterinsights_sitenote_note":"","_monsterinsights_sitenote_category":0,"footnotes":""},"class_list":["post-227","page","type-page","status-publish","hentry"],"_links":{"self":[{"href":"https:\/\/crcnft.co\/fr\/wp-json\/wp\/v2\/pages\/227","targetHints":{"allow":["GET"]}}],"collection":[{"href":"https:\/\/crcnft.co\/fr\/wp-json\/wp\/v2\/pages"}],"about":[{"href":"https:\/\/crcnft.co\/fr\/wp-json\/wp\/v2\/types\/page"}],"author":[{"embeddable":true,"href":"https:\/\/crcnft.co\/fr\/wp-json\/wp\/v2\/users\/1"}],"replies":[{"embeddable":true,"href":"https:\/\/crcnft.co\/fr\/wp-json\/wp\/v2\/comments?post=227"}],"version-history":[{"count":23,"href":"https:\/\/crcnft.co\/fr\/wp-json\/wp\/v2\/pages\/227\/revisions"}],"predecessor-version":[{"id":1005,"href":"https:\/\/crcnft.co\/fr\/wp-json\/wp\/v2\/pages\/227\/revisions\/1005"}],"wp:attachment":[{"href":"https:\/\/crcnft.co\/fr\/wp-json\/wp\/v2\/media?parent=227"}],"curies":[{"name":"wp","href":"https:\/\/api.w.org\/{rel}","templated":true}]}}